{"id":14840,"date":"2024-11-18T18:00:36","date_gmt":"2024-11-18T18:00:36","guid":{"rendered":"https:\/\/demo.artureanec.com\/themes\/aiero-dark\/cart\/"},"modified":"2025-11-08T06:42:13","modified_gmt":"2025-11-08T06:42:13","slug":"araba","status":"publish","type":"page","link":"https:\/\/thinkpeak.ai\/tr\/araba\/","title":{"rendered":"Al\u0131\u015fveri\u015f sepeti"},"content":{"rendered":"<p><\/p>","protected":false},"excerpt":{"rendered":"","protected":false},"author":1,"featured_media":0,"parent":0,"menu_order":0,"comment_status":"closed","ping_status":"closed","template":"","meta":{"_monsterinsights_skip_tracking":false,"_monsterinsights_sitenote_active":false,"_monsterinsights_sitenote_note":"","_monsterinsights_sitenote_category":0,"footnotes":""},"class_list":["post-14840","page","type-page","status-publish","hentry"],"_links":{"self":[{"href":"https:\/\/thinkpeak.ai\/tr\/wp-json\/wp\/v2\/pages\/14840","targetHints":{"allow":["GET"]}}],"collection":[{"href":"https:\/\/thinkpeak.ai\/tr\/wp-json\/wp\/v2\/pages"}],"about":[{"href":"https:\/\/thinkpeak.ai\/tr\/wp-json\/wp\/v2\/types\/page"}],"author":[{"embeddable":true,"href":"https:\/\/thinkpeak.ai\/tr\/wp-json\/wp\/v2\/users\/1"}],"replies":[{"embeddable":true,"href":"https:\/\/thinkpeak.ai\/tr\/wp-json\/wp\/v2\/comments?post=14840"}],"version-history":[{"count":1,"href":"https:\/\/thinkpeak.ai\/tr\/wp-json\/wp\/v2\/pages\/14840\/revisions"}],"predecessor-version":[{"id":15148,"href":"https:\/\/thinkpeak.ai\/tr\/wp-json\/wp\/v2\/pages\/14840\/revisions\/15148"}],"wp:attachment":[{"href":"https:\/\/thinkpeak.ai\/tr\/wp-json\/wp\/v2\/media?parent=14840"}],"curies":[{"name":"wp","href":"https:\/\/api.w.org\/{rel}","templated":true}]}}