{"id":15806,"date":"2025-11-08T17:40:57","date_gmt":"2025-11-08T17:40:57","guid":{"rendered":"https:\/\/thinkpeak.ai\/cookie-policy\/"},"modified":"2025-11-08T17:40:57","modified_gmt":"2025-11-08T17:40:57","slug":"cerez-poli%cc%87ti%cc%87kasi","status":"publish","type":"page","link":"https:\/\/thinkpeak.ai\/tr\/cerez-poli%cc%87ti%cc%87kasi\/","title":{"rendered":"\u00c7erez Politikas\u0131"},"content":{"rendered":"<p>Bu sayfa, tarama deneyiminizi geli\u015ftirmek, web sitesi performans\u0131n\u0131 iyile\u015ftirmek ve ki\u015fiselle\u015ftirilmi\u015f i\u00e7erik sunmak i\u00e7in web sitemizde \u00e7erezleri nas\u0131l kulland\u0131\u011f\u0131m\u0131z hakk\u0131nda kapsaml\u0131 bilgi sa\u011flar. \u00c7erezler, sitemizi ziyaret etti\u011finizde cihaz\u0131n\u0131zda depolanan k\u00fc\u00e7\u00fck metin dosyalar\u0131d\u0131r. Ziyaret\u00e7ilerin web sitemizle nas\u0131l etkile\u015fime girdi\u011fini anlamam\u0131za yard\u0131mc\u0131 olarak daha sorunsuz ve daha verimli bir kullan\u0131c\u0131 deneyimi sunmam\u0131z\u0131 sa\u011flarlar. A\u015fa\u011f\u0131daki tabloda, kulland\u0131\u011f\u0131m\u0131z her bir \u00e7erez t\u00fcr\u00fc, ama\u00e7lar\u0131 ve cihaz\u0131n\u0131zda ne kadar s\u00fcre kald\u0131klar\u0131 hakk\u0131nda ayr\u0131nt\u0131l\u0131 bilgi bulacaks\u0131n\u0131z. Gizlili\u011finize sayg\u0131 g\u00f6stermeyi ve \u00e7erezler arac\u0131l\u0131\u011f\u0131yla toplad\u0131\u011f\u0131m\u0131z veriler hakk\u0131nda \u015feffafl\u0131k sa\u011flamay\u0131 taahh\u00fct ediyoruz. Ki\u015fisel verilerinizi nas\u0131l i\u015fledi\u011fimiz hakk\u0131nda daha fazla bilgi i\u00e7in l\u00fctfen <a href=\"\">Gizlilik Politikas\u0131.<\/a><\/p><div class=\"wpconsent-cookie-policy\"><h2 class=\"wpconsent-cookie-category-name\">Temel<\/h2><p class=\"wpconsent-cookie-category-description\">Temel \u00e7erezler temel i\u015flevleri etkinle\u015ftirir ve web sitesinin d\u00fczg\u00fcn \u00e7al\u0131\u015fmas\u0131 i\u00e7in gereklidir.<\/p><table class=\"wpconsent-cookie-policy-table\"><tr><th>\u0130sim<\/th><th>A\u00e7\u0131klama<\/th><th>S\u00fcre<\/th><\/tr><tr><td>wpconsent_preferences<\/td><td>Bu \u00e7erez, kullan\u0131c\u0131n\u0131n \u00e7erez onay\u0131 tercihlerini saklamak i\u00e7in kullan\u0131l\u0131r.<\/td><td>30 g\u00fcn<\/td><\/tr><\/table><h3 class=\"wpconsent-cookie-service-name\">Yorumlar<\/h3><p class=\"wpconsent-cookie-service-description\">Bu \u00e7erezler, bu web sitesine yorum eklemek i\u00e7in gereklidir.<\/p><table class=\"wpconsent-cookie-policy-table\"><tr><th>\u0130sim<\/th><th>A\u00e7\u0131klama<\/th><th>S\u00fcre<\/th><\/tr><tr><td>comment_author_email<\/td><td>Kullan\u0131c\u0131y\u0131 birden fazla oturumda izlemek i\u00e7in kullan\u0131l\u0131r.<\/td><td>Oturum<\/td><\/tr><tr><td>comment_author_url<\/td><td>Kullan\u0131c\u0131y\u0131 birden fazla oturumda izlemek i\u00e7in kullan\u0131l\u0131r.<\/td><td>Oturum<\/td><\/tr><tr><td>comment_author<\/td><td>Kullan\u0131c\u0131y\u0131 birden fazla oturumda izlemek i\u00e7in kullan\u0131l\u0131r.<\/td><td>Oturum<\/td><\/tr><\/table><h2 class=\"wpconsent-cookie-category-name\">\u0130statistikler<\/h2><p class=\"wpconsent-cookie-category-description\">\u0130statistik \u00e7erezleri anonim olarak bilgi toplar. Bu bilgiler, ziyaret\u00e7ilerin web sitemizi nas\u0131l kulland\u0131\u011f\u0131n\u0131 anlamam\u0131za yard\u0131mc\u0131 olur.<\/p><h3 class=\"wpconsent-cookie-service-name\">Google Analytics<\/h3><p class=\"wpconsent-cookie-service-description\">Google Analytics, bilin\u00e7li pazarlama kararlar\u0131 i\u00e7in web sitesi trafi\u011fini izleyen ve analiz eden g\u00fc\u00e7l\u00fc bir ara\u00e7t\u0131r.<\/p><a href=\"https:\/\/policies.google.com\/privacy\" rel=\"nofollow noopener\" target=\"_blank\">Daha fazla bilgi edinin<\/a><table class=\"wpconsent-cookie-policy-table\"><tr><th>\u0130sim<\/th><th>A\u00e7\u0131klama<\/th><th>S\u00fcre<\/th><\/tr><tr><td>_gac_<\/td><td>Kullan\u0131c\u0131n\u0131n pazarlama kampanyalar\u0131 ile ilgili bilgileri i\u00e7erir. Bunlar, Google Ads ve Google Analytics hesaplar\u0131 birbirine ba\u011fland\u0131\u011f\u0131nda Google AdWords \/ Google Ads ile payla\u015f\u0131l\u0131r.<\/td><td>90 g\u00fcn<\/td><\/tr><tr><td>__utma<\/td><td>Kullan\u0131c\u0131lar\u0131 ve oturumlar\u0131 tan\u0131mlamak i\u00e7in kullan\u0131lan kimlik<\/td><td>Son faaliyetten 2 y\u0131l sonra<\/td><\/tr><tr><td>__utmt<\/td><td>Google Analytics sunucu isteklerinin say\u0131s\u0131n\u0131 izlemek i\u00e7in kullan\u0131l\u0131r<\/td><td>10 dakika<\/td><\/tr><tr><td>__utmb<\/td><td>Yeni oturumlar\u0131 ve ziyaretleri ay\u0131rt etmek i\u00e7in kullan\u0131l\u0131r. Bu \u00e7erez, GA.js javascript k\u00fct\u00fcphanesi y\u00fcklendi\u011finde ve mevcut bir __utmb \u00e7erezi olmad\u0131\u011f\u0131nda ayarlan\u0131r. \u00c7erez, Google Analytics sunucusuna her veri g\u00f6nderildi\u011finde g\u00fcncellenir.<\/td><td>Son aktiviteden 30 dakika sonra<\/td><\/tr><tr><td>__utmc<\/td><td>GA.js ile de\u011fil, yaln\u0131zca Google Analytics'in eski Urchin s\u00fcr\u00fcmleriyle kullan\u0131l\u0131r. Yeni oturumlar ile bir oturumun sonundaki ziyaretleri birbirinden ay\u0131rmak i\u00e7in kullan\u0131l\u0131rd\u0131.<\/td><td>Oturum sonu (taray\u0131c\u0131)<\/td><\/tr><tr><td>__utmz<\/td><td>Kullan\u0131c\u0131y\u0131 web sitesine y\u00f6nlendiren trafik kayna\u011f\u0131 veya kampanya hakk\u0131nda bilgi i\u00e7erir. \u00c7erez, GA.js javascript y\u00fcklendi\u011finde ayarlan\u0131r ve veriler Google Anaytics sunucusuna g\u00f6nderildi\u011finde g\u00fcncellenir<\/td><td>Son faaliyetten 6 ay sonra<\/td><\/tr><tr><td>__utmv<\/td><td>Web geli\u015ftiricisi taraf\u0131ndan Google Analytics'teki _setCustomVar y\u00f6ntemi arac\u0131l\u0131\u011f\u0131yla ayarlanan \u00f6zel bilgileri i\u00e7erir. Bu \u00e7erez, Google Analytics sunucusuna her yeni veri g\u00f6nderildi\u011finde g\u00fcncellenir.<\/td><td>Son faaliyetten 2 y\u0131l sonra<\/td><\/tr><tr><td>__utmx<\/td><td>Bir kullan\u0131c\u0131n\u0131n A\/B veya \u00c7ok De\u011fi\u015fkenli teste dahil edilip edilmedi\u011fini belirlemek i\u00e7in kullan\u0131l\u0131r.<\/td><td>18 ay<\/td><\/tr><tr><td>_ga<\/td><td>Kullan\u0131c\u0131lar\u0131 tan\u0131mlamak i\u00e7in kullan\u0131lan kimlik<\/td><td>2 y\u0131l<\/td><\/tr><tr><td>_gali<\/td><td>Bir sayfadaki hangi ba\u011flant\u0131lar\u0131n t\u0131kland\u0131\u011f\u0131n\u0131 belirlemek i\u00e7in Google Analytics taraf\u0131ndan kullan\u0131l\u0131r<\/td><td>30 saniye<\/td><\/tr><tr><td>_ga_<\/td><td>Kullan\u0131c\u0131lar\u0131 tan\u0131mlamak i\u00e7in kullan\u0131lan kimlik<\/td><td>2 y\u0131l<\/td><\/tr><tr><td>_gid<\/td><td>Son etkinlikten sonra 24 saat boyunca kullan\u0131c\u0131lar\u0131 tan\u0131mlamak i\u00e7in kullan\u0131lan kimlik<\/td><td>24 saat<\/td><\/tr><tr><td>_gat<\/td><td>Google Tag Manager kullan\u0131rken Google Analytics sunucu isteklerinin say\u0131s\u0131n\u0131 izlemek i\u00e7in kullan\u0131l\u0131r<\/td><td>1 dakika<\/td><\/tr><\/table><h3 class=\"wpconsent-cookie-service-name\">WooCommerce Sourcebuster<\/h3><p class=\"wpconsent-cookie-service-description\">SourceBuster, WooCommerce taraf\u0131ndan kullan\u0131c\u0131 kayna\u011f\u0131na dayal\u0131 sipari\u015f ili\u015fkilendirmesi i\u00e7in kullan\u0131l\u0131r.<\/p><table class=\"wpconsent-cookie-policy-table\"><tr><th>\u0130sim<\/th><th>A\u00e7\u0131klama<\/th><th>S\u00fcre<\/th><\/tr><tr><td>sbjs_session<\/td><td>Bu oturumdaki sayfa g\u00f6r\u00fcnt\u00fcleme say\u0131s\u0131 ve ge\u00e7erli sayfa yolu<\/td><td>30 dakika<\/td><\/tr><tr><td>sbjs_udata<\/td><td>IP, taray\u0131c\u0131 ve cihaz t\u00fcr\u00fc gibi ziyaret\u00e7inin kullan\u0131c\u0131 arac\u0131s\u0131 hakk\u0131nda bilgiler<\/td><td>oturum<\/td><\/tr><tr><td>sbjs_first<\/td><td>Ziyaret\u00e7inin ma\u011fazan\u0131za ilk ziyareti i\u00e7in trafik kayna\u011f\u0131 bilgileri (yaln\u0131zca ziyaret\u00e7i oturum sona ermeden \u00f6nce geri d\u00f6nerse ge\u00e7erlidir)<\/td><td>oturum<\/td><\/tr><tr><td>sbjs_current<\/td><td>Ziyaret\u00e7inin ma\u011fazan\u0131za yapt\u0131\u011f\u0131 mevcut ziyaret i\u00e7in trafik kayna\u011f\u0131 bilgileri<\/td><td>oturum<\/td><\/tr><tr><td>sbjs_first_add<\/td><td>Ziyaret\u00e7inizin ma\u011fazan\u0131za ilk ziyareti i\u00e7in zaman damgas\u0131, y\u00f6nlendiren URL ve giri\u015f sayfas\u0131 (yaln\u0131zca ziyaret\u00e7i oturum sona ermeden \u00f6nce geri d\u00f6nerse ge\u00e7erlidir)<\/td><td>oturum<\/td><\/tr><tr><td>sbjs_current_add<\/td><td>Ziyaret\u00e7inizin ma\u011fazan\u0131za yapt\u0131\u011f\u0131 mevcut ziyaret i\u00e7in zaman damgas\u0131, y\u00f6nlendiren URL ve giri\u015f sayfas\u0131<\/td><td>oturum<\/td><\/tr><tr><td>sbjs_migrations<\/td><td>\u0130zleme \u00f6zelli\u011finin farkl\u0131 s\u00fcr\u00fcmleri aras\u0131ndaki ge\u00e7i\u015flere yard\u0131mc\u0131 olacak teknik veriler<\/td><td>oturum<\/td><\/tr><\/table><\/div>","protected":false},"excerpt":{"rendered":"<p>This page provides comprehensive information about how we use cookies on our website to enhance your browsing experience, improve website performance, and deliver personalized content. Cookies are small text files that are stored on your device when you visit our site&#8230;.<\/p>","protected":false},"author":2,"featured_media":0,"parent":0,"menu_order":0,"comment_status":"closed","ping_status":"closed","template":"","meta":{"_monsterinsights_skip_tracking":false,"_monsterinsights_sitenote_active":false,"_monsterinsights_sitenote_note":"","_monsterinsights_sitenote_category":0,"footnotes":""},"class_list":["post-15806","page","type-page","status-publish","hentry"],"_links":{"self":[{"href":"https:\/\/thinkpeak.ai\/tr\/wp-json\/wp\/v2\/pages\/15806","targetHints":{"allow":["GET"]}}],"collection":[{"href":"https:\/\/thinkpeak.ai\/tr\/wp-json\/wp\/v2\/pages"}],"about":[{"href":"https:\/\/thinkpeak.ai\/tr\/wp-json\/wp\/v2\/types\/page"}],"author":[{"embeddable":true,"href":"https:\/\/thinkpeak.ai\/tr\/wp-json\/wp\/v2\/users\/2"}],"replies":[{"embeddable":true,"href":"https:\/\/thinkpeak.ai\/tr\/wp-json\/wp\/v2\/comments?post=15806"}],"version-history":[{"count":0,"href":"https:\/\/thinkpeak.ai\/tr\/wp-json\/wp\/v2\/pages\/15806\/revisions"}],"wp:attachment":[{"href":"https:\/\/thinkpeak.ai\/tr\/wp-json\/wp\/v2\/media?parent=15806"}],"curies":[{"name":"wp","href":"https:\/\/api.w.org\/{rel}","templated":true}]}}