{"id":15428,"date":"2025-11-05T10:19:08","date_gmt":"2025-11-05T10:19:08","guid":{"rendered":"https:\/\/thinkpeak.ai\/?post_type=product&#038;p=15428"},"modified":"2025-11-05T14:59:55","modified_gmt":"2025-11-05T14:59:55","slug":"ai-tekli%cc%87f-ureteci%cc%87-si%cc%87stemi%cc%87","status":"publish","type":"product","link":"https:\/\/thinkpeak.ai\/tr\/ai-tekli%cc%87f-ureteci%cc%87-si%cc%87stemi%cc%87\/","title":{"rendered":"Otomatik Yapay Zeka Teklif Olu\u015fturucu (Make.com \u015eablonu)"},"content":{"rendered":"<p>Manuel m\u00fc\u015fteri teklifleri i\u00e7in saatlerinizi bo\u015fa harcamay\u0131n. Bu <b>Yapay Zeka Teklif Olu\u015fturucu<\/b> da\u011f\u0131t\u0131ma haz\u0131r bir <b>Make.com \u015fablonu<\/b> sat\u0131\u015f i\u015f ak\u0131\u015f\u0131n\u0131z\u0131n 90%'sini otomatikle\u015ftirmek i\u00e7in tasarlanm\u0131\u015ft\u0131r. M\u00fc\u015fteri verilerini ak\u0131ll\u0131ca \u00e7eker, ki\u015fiselle\u015ftirilmi\u015f teklif i\u00e7eri\u011fi olu\u015fturur ve sizin i\u00e7in bi\u00e7imlendirir. Bu g\u00fc\u00e7l\u00fc otomasyon ile sat\u0131\u015f s\u00fcrecinizi kolayla\u015ft\u0131r\u0131n, anla\u015fmalar\u0131 daha h\u0131zl\u0131 kapat\u0131n ve eri\u015fiminizi \u00f6l\u00e7eklendirin.<\/p>","protected":false},"excerpt":{"rendered":"<p>Manuel m\u00fc\u015fteri teklifleri i\u00e7in saatlerinizi bo\u015fa harcamay\u0131n. Bu <b>Yapay Zeka Teklif Olu\u015fturucu<\/b> da\u011f\u0131t\u0131ma haz\u0131r bir <b>Make.com \u015fablonu<\/b> sat\u0131\u015f i\u015f ak\u0131\u015f\u0131n\u0131z\u0131n 90%'sini otomatikle\u015ftirmek i\u00e7in tasarlanm\u0131\u015ft\u0131r. M\u00fc\u015fteri verilerini ak\u0131ll\u0131ca \u00e7eker, ki\u015fiselle\u015ftirilmi\u015f teklif i\u00e7eri\u011fi olu\u015fturur ve sizin i\u00e7in bi\u00e7imlendirir. Bu g\u00fc\u00e7l\u00fc otomasyon ile sat\u0131\u015f s\u00fcrecinizi kolayla\u015ft\u0131r\u0131n, anla\u015fmalar\u0131 daha h\u0131zl\u0131 kapat\u0131n ve eri\u015fiminizi \u00f6l\u00e7eklendirin.<\/p>","protected":false},"featured_media":15498,"comment_status":"open","ping_status":"closed","template":"","meta":{"_monsterinsights_skip_tracking":false,"_monsterinsights_sitenote_active":false,"_monsterinsights_sitenote_note":"","_monsterinsights_sitenote_category":0},"product_brand":[74],"product_cat":[73],"product_tag":[80],"class_list":{"0":"post-15428","1":"product","2":"type-product","3":"status-publish","4":"has-post-thumbnail","6":"product_brand-make-comtemplates","7":"product_cat-make-com-templates","8":"product_tag-make-com","10":"first","11":"instock","12":"sale","13":"downloadable","14":"sold-individually","15":"shipping-taxable","16":"purchasable","17":"product-type-simple"},"_links":{"self":[{"href":"https:\/\/thinkpeak.ai\/tr\/wp-json\/wp\/v2\/product\/15428","targetHints":{"allow":["GET"]}}],"collection":[{"href":"https:\/\/thinkpeak.ai\/tr\/wp-json\/wp\/v2\/product"}],"about":[{"href":"https:\/\/thinkpeak.ai\/tr\/wp-json\/wp\/v2\/types\/product"}],"replies":[{"embeddable":true,"href":"https:\/\/thinkpeak.ai\/tr\/wp-json\/wp\/v2\/comments?post=15428"}],"wp:featuredmedia":[{"embeddable":true,"href":"https:\/\/thinkpeak.ai\/tr\/wp-json\/wp\/v2\/media\/15498"}],"wp:attachment":[{"href":"https:\/\/thinkpeak.ai\/tr\/wp-json\/wp\/v2\/media?parent=15428"}],"wp:term":[{"taxonomy":"product_brand","embeddable":true,"href":"https:\/\/thinkpeak.ai\/tr\/wp-json\/wp\/v2\/product_brand?post=15428"},{"taxonomy":"product_cat","embeddable":true,"href":"https:\/\/thinkpeak.ai\/tr\/wp-json\/wp\/v2\/product_cat?post=15428"},{"taxonomy":"product_tag","embeddable":true,"href":"https:\/\/thinkpeak.ai\/tr\/wp-json\/wp\/v2\/product_tag?post=15428"}],"curies":[{"name":"wp","href":"https:\/\/api.w.org\/{rel}","templated":true}]}}