{"id":15430,"date":"2025-11-05T10:27:31","date_gmt":"2025-11-05T10:27:31","guid":{"rendered":"https:\/\/thinkpeak.ai\/?post_type=product&#038;p=15430"},"modified":"2025-11-05T14:58:28","modified_gmt":"2025-11-05T14:58:28","slug":"linkedin-ai-parazit-sistemi-com-sablonu-yapmak","status":"publish","type":"product","link":"https:\/\/thinkpeak.ai\/tr\/linkedin-ai-parazit-sistemi-com-sablonu-yapmak\/","title":{"rendered":"LinkedIn Yapay Zeka Parazit Sistemi (Make.com \u015eablonu)"},"content":{"rendered":"<p>LinkedIn i\u00e7erik stratejinizin tamam\u0131n\u0131 otomatikle\u015ftirin <b>LinkedIn Yapay Zeka Parazit Sistemi<\/b>. Bu \u00f6nceden olu\u015fturulmu\u015f <b>Make.com<\/b>\u00a0i\u015fin 90%'sini sizin i\u00e7in yapar. Ni\u015finizdeki y\u00fcksek performansl\u0131 i\u00e7erik olu\u015fturucular\u0131 otomatik olarak izler, en iyi i\u00e7eriklerini filtreler ve ard\u0131ndan yapay zekay\u0131 kullanarak <b>bu g\u00f6nderileri yeniden yaz\u0131n ve kendi benzersiz ses tonunuza uyarlay\u0131n<\/b>. Neyin i\u015fe yarad\u0131\u011f\u0131n\u0131 tahmin etmeyi b\u0131rak\u0131n; kan\u0131tlanm\u0131\u015f i\u00e7eriklerden yararlan\u0131n, tutarl\u0131 bir g\u00f6nderi program\u0131 uygulay\u0131n ve otomatik pilotta otorite olu\u015fturun.<\/p>","protected":false},"excerpt":{"rendered":"<p>LinkedIn i\u00e7erik stratejinizin tamam\u0131n\u0131 otomatikle\u015ftirin <b>LinkedIn Yapay Zeka Parazit Sistemi<\/b>. Bu \u00f6nceden olu\u015fturulmu\u015f <b>Make.com &amp; n8n i\u015f ak\u0131\u015f\u0131<\/b> i\u015fin 90%'sini sizin i\u00e7in yapar. Ni\u015finizdeki y\u00fcksek performansl\u0131 i\u00e7erik olu\u015fturucular\u0131 otomatik olarak izler, en iyi i\u00e7eriklerini filtreler ve ard\u0131ndan yapay zekay\u0131 kullanarak <b>bu g\u00f6nderileri yeniden yaz\u0131n ve kendi benzersiz ses tonunuza uyarlay\u0131n<\/b>. Neyin i\u015fe yarad\u0131\u011f\u0131n\u0131 tahmin etmeyi b\u0131rak\u0131n; kan\u0131tlanm\u0131\u015f i\u00e7eriklerden yararlan\u0131n, tutarl\u0131 bir g\u00f6nderi program\u0131 uygulay\u0131n ve otomatik pilotta otorite olu\u015fturun.<\/p>","protected":false},"featured_media":15496,"comment_status":"open","ping_status":"closed","template":"","meta":{"_monsterinsights_skip_tracking":false,"_monsterinsights_sitenote_active":false,"_monsterinsights_sitenote_note":"","_monsterinsights_sitenote_category":0},"product_brand":[74],"product_cat":[73],"product_tag":[76,77],"class_list":{"0":"post-15430","1":"product","2":"type-product","3":"status-publish","4":"has-post-thumbnail","6":"product_brand-make-comtemplates","7":"product_cat-make-com-templates","8":"product_tag-linkedin-automation","9":"product_tag-make-com-automation","11":"first","12":"instock","13":"sale","14":"downloadable","15":"sold-individually","16":"shipping-taxable","17":"purchasable","18":"product-type-simple"},"_links":{"self":[{"href":"https:\/\/thinkpeak.ai\/tr\/wp-json\/wp\/v2\/product\/15430","targetHints":{"allow":["GET"]}}],"collection":[{"href":"https:\/\/thinkpeak.ai\/tr\/wp-json\/wp\/v2\/product"}],"about":[{"href":"https:\/\/thinkpeak.ai\/tr\/wp-json\/wp\/v2\/types\/product"}],"replies":[{"embeddable":true,"href":"https:\/\/thinkpeak.ai\/tr\/wp-json\/wp\/v2\/comments?post=15430"}],"wp:featuredmedia":[{"embeddable":true,"href":"https:\/\/thinkpeak.ai\/tr\/wp-json\/wp\/v2\/media\/15496"}],"wp:attachment":[{"href":"https:\/\/thinkpeak.ai\/tr\/wp-json\/wp\/v2\/media?parent=15430"}],"wp:term":[{"taxonomy":"product_brand","embeddable":true,"href":"https:\/\/thinkpeak.ai\/tr\/wp-json\/wp\/v2\/product_brand?post=15430"},{"taxonomy":"product_cat","embeddable":true,"href":"https:\/\/thinkpeak.ai\/tr\/wp-json\/wp\/v2\/product_cat?post=15430"},{"taxonomy":"product_tag","embeddable":true,"href":"https:\/\/thinkpeak.ai\/tr\/wp-json\/wp\/v2\/product_tag?post=15430"}],"curies":[{"name":"wp","href":"https:\/\/api.w.org\/{rel}","templated":true}]}}